{"id":2,"date":"2014-05-12T17:57:02","date_gmt":"2014-05-12T17:57:02","guid":{"rendered":"http:\/\/www.rgmed.com\/?page_id=2"},"modified":"2025-03-14T14:48:16","modified_gmt":"2025-03-14T14:48:16","slug":"about","status":"publish","type":"page","link":"https:\/\/rgmed.com\/de\/about\/","title":{"rendered":"\u00dcber uns"},"content":{"rendered":"<p class=\"qtranxs-available-languages-message qtranxs-available-languages-message-de\">Leider ist der Eintrag nur auf <a href=\"https:\/\/rgmed.com\/en\/wp-json\/wp\/v2\/pages\/2\" class=\"qtranxs-available-language-link qtranxs-available-language-link-en\" title=\"English\">English<\/a> und <a href=\"https:\/\/rgmed.com\/es\/wp-json\/wp\/v2\/pages\/2\" class=\"qtranxs-available-language-link qtranxs-available-language-link-es\" title=\"Espa\u00f1ol\">Espa\u00f1ol<\/a> verf\u00fcgbar.<\/p>","protected":false},"excerpt":{"rendered":"<p>Leider ist der Eintrag nur auf English und Espa\u00f1ol verf\u00fcgbar.<\/p>\n","protected":false},"author":7,"featured_media":0,"parent":0,"menu_order":0,"comment_status":"closed","ping_status":"closed","template":"","meta":{"footnotes":""},"class_list":["post-2","page","type-page","status-publish"],"yoast_head":"<!-- This site is optimized with the Yoast SEO plugin v27.2 - https:\/\/yoast.com\/product\/yoast-seo-wordpress\/ -->\n<title>\u00dcber uns - Rg Medical<\/title>\n<meta name=\"robots\" content=\"index, follow, max-snippet:-1, max-image-preview:large, max-video-preview:-1\" \/>\n<link rel=\"canonical\" href=\"https:\/\/rgmed.com\/about\/\" \/>\n<meta property=\"og:locale\" content=\"de_DE\" \/>\n<meta property=\"og:type\" content=\"article\" \/>\n<meta property=\"og:title\" content=\"\u00dcber uns - Rg Medical\" \/>\n<meta property=\"og:description\" content=\"Leider ist der Eintrag nur auf English und Espa\u00f1ol verf\u00fcgbar.\" \/>\n<meta property=\"og:url\" content=\"https:\/\/rgmed.com\/about\/\" \/>\n<meta property=\"og:site_name\" content=\"Rg Medical\" \/>\n<meta property=\"article:modified_time\" content=\"2025-03-14T14:48:16+00:00\" \/>\n<meta name=\"twitter:card\" content=\"summary_large_image\" \/>\n<meta name=\"twitter:label1\" content=\"Gesch\u00e4tzte Lesezeit\" \/>\n\t<meta name=\"twitter:data1\" content=\"2\u00a0Minuten\" \/>\n<script type=\"application\/ld+json\" class=\"yoast-schema-graph\">{\"@context\":\"https:\/\/schema.org\",\"@graph\":[{\"@type\":\"WebPage\",\"@id\":\"https:\/\/rgmed.com\/about\/\",\"url\":\"https:\/\/rgmed.com\/about\/\",\"name\":\"\u00dcber uns - Rg Medical\",\"isPartOf\":{\"@id\":\"https:\/\/rgmed.com\/#website\"},\"datePublished\":\"2014-05-12T17:57:02+00:00\",\"dateModified\":\"2025-03-14T14:48:16+00:00\",\"inLanguage\":\"de\",\"potentialAction\":[{\"@type\":\"ReadAction\",\"target\":[\"https:\/\/rgmed.com\/about\/\"]}]},{\"@type\":\"WebSite\",\"@id\":\"https:\/\/rgmed.com\/#website\",\"url\":\"https:\/\/rgmed.com\/\",\"name\":\"Rg Medical\",\"description\":\"(English) Finest Quality Precision Surgical Instruments\",\"potentialAction\":[{\"@type\":\"SearchAction\",\"target\":{\"@type\":\"EntryPoint\",\"urlTemplate\":\"https:\/\/rgmed.com\/?s={search_term_string}\"},\"query-input\":{\"@type\":\"PropertyValueSpecification\",\"valueRequired\":true,\"valueName\":\"search_term_string\"}}],\"inLanguage\":\"de\"}]}<\/script>\n<!-- \/ Yoast SEO plugin. -->","yoast_head_json":{"title":"\u00dcber uns - Rg Medical","robots":{"index":"index","follow":"follow","max-snippet":"max-snippet:-1","max-image-preview":"max-image-preview:large","max-video-preview":"max-video-preview:-1"},"canonical":"https:\/\/rgmed.com\/about\/","og_locale":"de_DE","og_type":"article","og_title":"\u00dcber uns - Rg Medical","og_description":"Leider ist der Eintrag nur auf English und Espa\u00f1ol verf\u00fcgbar.","og_url":"https:\/\/rgmed.com\/about\/","og_site_name":"Rg Medical","article_modified_time":"2025-03-14T14:48:16+00:00","twitter_card":"summary_large_image","twitter_misc":{"Gesch\u00e4tzte Lesezeit":"2\u00a0Minuten"},"schema":{"@context":"https:\/\/schema.org","@graph":[{"@type":"WebPage","@id":"https:\/\/rgmed.com\/about\/","url":"https:\/\/rgmed.com\/about\/","name":"\u00dcber uns - Rg Medical","isPartOf":{"@id":"https:\/\/rgmed.com\/#website"},"datePublished":"2014-05-12T17:57:02+00:00","dateModified":"2025-03-14T14:48:16+00:00","inLanguage":"de","potentialAction":[{"@type":"ReadAction","target":["https:\/\/rgmed.com\/about\/"]}]},{"@type":"WebSite","@id":"https:\/\/rgmed.com\/#website","url":"https:\/\/rgmed.com\/","name":"Rg Medical","description":"(English) Finest Quality Precision Surgical Instruments","potentialAction":[{"@type":"SearchAction","target":{"@type":"EntryPoint","urlTemplate":"https:\/\/rgmed.com\/?s={search_term_string}"},"query-input":{"@type":"PropertyValueSpecification","valueRequired":true,"valueName":"search_term_string"}}],"inLanguage":"de"}]}},"_links":{"self":[{"href":"https:\/\/rgmed.com\/de\/wp-json\/wp\/v2\/pages\/2","targetHints":{"allow":["GET"]}}],"collection":[{"href":"https:\/\/rgmed.com\/de\/wp-json\/wp\/v2\/pages"}],"about":[{"href":"https:\/\/rgmed.com\/de\/wp-json\/wp\/v2\/types\/page"}],"author":[{"embeddable":true,"href":"https:\/\/rgmed.com\/de\/wp-json\/wp\/v2\/users\/7"}],"replies":[{"embeddable":true,"href":"https:\/\/rgmed.com\/de\/wp-json\/wp\/v2\/comments?post=2"}],"version-history":[{"count":38,"href":"https:\/\/rgmed.com\/de\/wp-json\/wp\/v2\/pages\/2\/revisions"}],"predecessor-version":[{"id":5834,"href":"https:\/\/rgmed.com\/de\/wp-json\/wp\/v2\/pages\/2\/revisions\/5834"}],"wp:attachment":[{"href":"https:\/\/rgmed.com\/de\/wp-json\/wp\/v2\/media?parent=2"}],"curies":[{"name":"wp","href":"https:\/\/api.w.org\/{rel}","templated":true}]}}