{"id":804,"date":"2015-03-17T02:50:51","date_gmt":"2015-03-17T02:50:51","guid":{"rendered":"http:\/\/www.rgmed.com\/product\/suction-irrigation-tube-o-5-mm-340-mm\/"},"modified":"2021-02-19T04:59:15","modified_gmt":"2021-02-19T04:59:15","slug":"suction-irrigation-tube-o-5-mm-340-mm","status":"publish","type":"product","link":"https:\/\/rgmed.com\/de\/products\/laparoscopy\/monopolar-suction-irrigation-hf-sliding-electrodes\/adaptable-electrodes\/suction-irrigation-tube-o-5-mm-340-mm\/","title":{"rendered":"(English) Suction-\/Irrigation Tube \u00d8 5 mm 340 mm"},"content":{"rendered":"<p class=\"qtranxs-available-languages-message qtranxs-available-languages-message-de\">Leider ist der Eintrag nur auf <a href=\"https:\/\/rgmed.com\/en\/wp-json\/wp\/v2\/product\/804\" class=\"qtranxs-available-language-link qtranxs-available-language-link-en\" title=\"English\">English<\/a> und <a href=\"https:\/\/rgmed.com\/es\/wp-json\/wp\/v2\/product\/804\" class=\"qtranxs-available-language-link qtranxs-available-language-link-es\" title=\"Espa\u00f1ol\">Espa\u00f1ol<\/a> verf\u00fcgbar.<\/p>","protected":false},"excerpt":{"rendered":"<p>Leider ist der Eintrag nur auf English und Espa\u00f1ol verf\u00fcgbar.<\/p>\n","protected":false},"featured_media":1218,"template":"","meta":[],"product_brand":[],"product_cat":[106],"product_tag":[],"class_list":{"0":"post-804","1":"product","2":"type-product","3":"status-publish","4":"has-post-thumbnail","6":"product_cat-adaptable-electrodes","8":"first","9":"instock","10":"shipping-taxable","11":"product-type-simple"},"yoast_head":"<!-- This site is optimized with the Yoast SEO plugin v27.2 - https:\/\/yoast.com\/product\/yoast-seo-wordpress\/ -->\n<title>(English) Suction-\/Irrigation Tube \u00d8 5 mm 340 mm - Rg Medical<\/title>\n<meta name=\"robots\" content=\"index, follow, max-snippet:-1, max-image-preview:large, max-video-preview:-1\" \/>\n<link rel=\"canonical\" href=\"https:\/\/rgmed.com\/es\/products\/laparoscopy\/monopolar-suction-irrigation-hf-sliding-electrodes\/adaptable-electrodes\/suction-irrigation-tube-o-5-mm-340-mm\/\" \/>\n<meta property=\"og:locale\" content=\"de_DE\" \/>\n<meta property=\"og:type\" content=\"article\" \/>\n<meta property=\"og:title\" content=\"(English) Suction-\/Irrigation Tube \u00d8 5 mm 340 mm - Rg Medical\" \/>\n<meta property=\"og:description\" content=\"Leider ist der Eintrag nur auf English und Espa\u00f1ol verf\u00fcgbar.\" \/>\n<meta property=\"og:url\" content=\"https:\/\/rgmed.com\/es\/products\/laparoscopy\/monopolar-suction-irrigation-hf-sliding-electrodes\/adaptable-electrodes\/suction-irrigation-tube-o-5-mm-340-mm\/\" \/>\n<meta property=\"og:site_name\" content=\"Rg Medical\" \/>\n<meta property=\"article:modified_time\" content=\"2021-02-19T04:59:15+00:00\" \/>\n<meta property=\"og:image\" content=\"https:\/\/rgmed.com\/wp-content\/uploads\/2015\/03\/Suction-Irrigation-Tube.jpg\" \/>\n\t<meta property=\"og:image:width\" content=\"79\" \/>\n\t<meta property=\"og:image:height\" content=\"18\" \/>\n\t<meta property=\"og:image:type\" content=\"image\/jpeg\" \/>\n<meta name=\"twitter:card\" content=\"summary_large_image\" \/>\n<script type=\"application\/ld+json\" class=\"yoast-schema-graph\">{\"@context\":\"https:\/\/schema.org\",\"@graph\":[{\"@type\":\"WebPage\",\"@id\":\"https:\/\/rgmed.com\/es\/products\/laparoscopy\/monopolar-suction-irrigation-hf-sliding-electrodes\/adaptable-electrodes\/suction-irrigation-tube-o-5-mm-340-mm\/\",\"url\":\"https:\/\/rgmed.com\/es\/products\/laparoscopy\/monopolar-suction-irrigation-hf-sliding-electrodes\/adaptable-electrodes\/suction-irrigation-tube-o-5-mm-340-mm\/\",\"name\":\"(English) Suction-\/Irrigation Tube \u00d8 5 mm 340 mm - Rg Medical\",\"isPartOf\":{\"@id\":\"https:\/\/rgmed.com\/#website\"},\"primaryImageOfPage\":{\"@id\":\"https:\/\/rgmed.com\/es\/products\/laparoscopy\/monopolar-suction-irrigation-hf-sliding-electrodes\/adaptable-electrodes\/suction-irrigation-tube-o-5-mm-340-mm\/#primaryimage\"},\"image\":{\"@id\":\"https:\/\/rgmed.com\/es\/products\/laparoscopy\/monopolar-suction-irrigation-hf-sliding-electrodes\/adaptable-electrodes\/suction-irrigation-tube-o-5-mm-340-mm\/#primaryimage\"},\"thumbnailUrl\":\"https:\/\/rgmed.com\/wp-content\/uploads\/2015\/03\/Suction-Irrigation-Tube.jpg\",\"datePublished\":\"2015-03-17T02:50:51+00:00\",\"dateModified\":\"2021-02-19T04:59:15+00:00\",\"breadcrumb\":{\"@id\":\"https:\/\/rgmed.com\/es\/products\/laparoscopy\/monopolar-suction-irrigation-hf-sliding-electrodes\/adaptable-electrodes\/suction-irrigation-tube-o-5-mm-340-mm\/#breadcrumb\"},\"inLanguage\":\"de\",\"potentialAction\":[{\"@type\":\"ReadAction\",\"target\":[\"https:\/\/rgmed.com\/es\/products\/laparoscopy\/monopolar-suction-irrigation-hf-sliding-electrodes\/adaptable-electrodes\/suction-irrigation-tube-o-5-mm-340-mm\/\"]}]},{\"@type\":\"ImageObject\",\"inLanguage\":\"de\",\"@id\":\"https:\/\/rgmed.com\/es\/products\/laparoscopy\/monopolar-suction-irrigation-hf-sliding-electrodes\/adaptable-electrodes\/suction-irrigation-tube-o-5-mm-340-mm\/#primaryimage\",\"url\":\"https:\/\/rgmed.com\/wp-content\/uploads\/2015\/03\/Suction-Irrigation-Tube.jpg\",\"contentUrl\":\"https:\/\/rgmed.com\/wp-content\/uploads\/2015\/03\/Suction-Irrigation-Tube.jpg\",\"width\":79,\"height\":18},{\"@type\":\"BreadcrumbList\",\"@id\":\"https:\/\/rgmed.com\/es\/products\/laparoscopy\/monopolar-suction-irrigation-hf-sliding-electrodes\/adaptable-electrodes\/suction-irrigation-tube-o-5-mm-340-mm\/#breadcrumb\",\"itemListElement\":[{\"@type\":\"ListItem\",\"position\":1,\"name\":\"Products\",\"item\":\"https:\/\/rgmed.com\/products\/\"},{\"@type\":\"ListItem\",\"position\":2,\"name\":\"Suction-\/Irrigation Tube \u00d8 5 mm 340 mm\"}]},{\"@type\":\"WebSite\",\"@id\":\"https:\/\/rgmed.com\/#website\",\"url\":\"https:\/\/rgmed.com\/\",\"name\":\"Rg Medical\",\"description\":\"(English) Finest Quality Precision Surgical Instruments\",\"potentialAction\":[{\"@type\":\"SearchAction\",\"target\":{\"@type\":\"EntryPoint\",\"urlTemplate\":\"https:\/\/rgmed.com\/?s={search_term_string}\"},\"query-input\":{\"@type\":\"PropertyValueSpecification\",\"valueRequired\":true,\"valueName\":\"search_term_string\"}}],\"inLanguage\":\"de\"}]}<\/script>\n<!-- \/ Yoast SEO plugin. -->","yoast_head_json":{"title":"(English) Suction-\/Irrigation Tube \u00d8 5 mm 340 mm - Rg Medical","robots":{"index":"index","follow":"follow","max-snippet":"max-snippet:-1","max-image-preview":"max-image-preview:large","max-video-preview":"max-video-preview:-1"},"canonical":"https:\/\/rgmed.com\/es\/products\/laparoscopy\/monopolar-suction-irrigation-hf-sliding-electrodes\/adaptable-electrodes\/suction-irrigation-tube-o-5-mm-340-mm\/","og_locale":"de_DE","og_type":"article","og_title":"(English) Suction-\/Irrigation Tube \u00d8 5 mm 340 mm - Rg Medical","og_description":"Leider ist der Eintrag nur auf English und Espa\u00f1ol verf\u00fcgbar.","og_url":"https:\/\/rgmed.com\/es\/products\/laparoscopy\/monopolar-suction-irrigation-hf-sliding-electrodes\/adaptable-electrodes\/suction-irrigation-tube-o-5-mm-340-mm\/","og_site_name":"Rg Medical","article_modified_time":"2021-02-19T04:59:15+00:00","og_image":[{"width":79,"height":18,"url":"https:\/\/rgmed.com\/wp-content\/uploads\/2015\/03\/Suction-Irrigation-Tube.jpg","type":"image\/jpeg"}],"twitter_card":"summary_large_image","schema":{"@context":"https:\/\/schema.org","@graph":[{"@type":"WebPage","@id":"https:\/\/rgmed.com\/es\/products\/laparoscopy\/monopolar-suction-irrigation-hf-sliding-electrodes\/adaptable-electrodes\/suction-irrigation-tube-o-5-mm-340-mm\/","url":"https:\/\/rgmed.com\/es\/products\/laparoscopy\/monopolar-suction-irrigation-hf-sliding-electrodes\/adaptable-electrodes\/suction-irrigation-tube-o-5-mm-340-mm\/","name":"(English) Suction-\/Irrigation Tube \u00d8 5 mm 340 mm - Rg Medical","isPartOf":{"@id":"https:\/\/rgmed.com\/#website"},"primaryImageOfPage":{"@id":"https:\/\/rgmed.com\/es\/products\/laparoscopy\/monopolar-suction-irrigation-hf-sliding-electrodes\/adaptable-electrodes\/suction-irrigation-tube-o-5-mm-340-mm\/#primaryimage"},"image":{"@id":"https:\/\/rgmed.com\/es\/products\/laparoscopy\/monopolar-suction-irrigation-hf-sliding-electrodes\/adaptable-electrodes\/suction-irrigation-tube-o-5-mm-340-mm\/#primaryimage"},"thumbnailUrl":"https:\/\/rgmed.com\/wp-content\/uploads\/2015\/03\/Suction-Irrigation-Tube.jpg","datePublished":"2015-03-17T02:50:51+00:00","dateModified":"2021-02-19T04:59:15+00:00","breadcrumb":{"@id":"https:\/\/rgmed.com\/es\/products\/laparoscopy\/monopolar-suction-irrigation-hf-sliding-electrodes\/adaptable-electrodes\/suction-irrigation-tube-o-5-mm-340-mm\/#breadcrumb"},"inLanguage":"de","potentialAction":[{"@type":"ReadAction","target":["https:\/\/rgmed.com\/es\/products\/laparoscopy\/monopolar-suction-irrigation-hf-sliding-electrodes\/adaptable-electrodes\/suction-irrigation-tube-o-5-mm-340-mm\/"]}]},{"@type":"ImageObject","inLanguage":"de","@id":"https:\/\/rgmed.com\/es\/products\/laparoscopy\/monopolar-suction-irrigation-hf-sliding-electrodes\/adaptable-electrodes\/suction-irrigation-tube-o-5-mm-340-mm\/#primaryimage","url":"https:\/\/rgmed.com\/wp-content\/uploads\/2015\/03\/Suction-Irrigation-Tube.jpg","contentUrl":"https:\/\/rgmed.com\/wp-content\/uploads\/2015\/03\/Suction-Irrigation-Tube.jpg","width":79,"height":18},{"@type":"BreadcrumbList","@id":"https:\/\/rgmed.com\/es\/products\/laparoscopy\/monopolar-suction-irrigation-hf-sliding-electrodes\/adaptable-electrodes\/suction-irrigation-tube-o-5-mm-340-mm\/#breadcrumb","itemListElement":[{"@type":"ListItem","position":1,"name":"Products","item":"https:\/\/rgmed.com\/products\/"},{"@type":"ListItem","position":2,"name":"Suction-\/Irrigation Tube \u00d8 5 mm 340 mm"}]},{"@type":"WebSite","@id":"https:\/\/rgmed.com\/#website","url":"https:\/\/rgmed.com\/","name":"Rg Medical","description":"(English) Finest Quality Precision Surgical Instruments","potentialAction":[{"@type":"SearchAction","target":{"@type":"EntryPoint","urlTemplate":"https:\/\/rgmed.com\/?s={search_term_string}"},"query-input":{"@type":"PropertyValueSpecification","valueRequired":true,"valueName":"search_term_string"}}],"inLanguage":"de"}]}},"_links":{"self":[{"href":"https:\/\/rgmed.com\/de\/wp-json\/wp\/v2\/product\/804","targetHints":{"allow":["GET"]}}],"collection":[{"href":"https:\/\/rgmed.com\/de\/wp-json\/wp\/v2\/product"}],"about":[{"href":"https:\/\/rgmed.com\/de\/wp-json\/wp\/v2\/types\/product"}],"wp:featuredmedia":[{"embeddable":true,"href":"https:\/\/rgmed.com\/de\/wp-json\/wp\/v2\/media\/1218"}],"wp:attachment":[{"href":"https:\/\/rgmed.com\/de\/wp-json\/wp\/v2\/media?parent=804"}],"wp:term":[{"taxonomy":"product_brand","embeddable":true,"href":"https:\/\/rgmed.com\/de\/wp-json\/wp\/v2\/product_brand?post=804"},{"taxonomy":"product_cat","embeddable":true,"href":"https:\/\/rgmed.com\/de\/wp-json\/wp\/v2\/product_cat?post=804"},{"taxonomy":"product_tag","embeddable":true,"href":"https:\/\/rgmed.com\/de\/wp-json\/wp\/v2\/product_tag?post=804"}],"curies":[{"name":"wp","href":"https:\/\/api.w.org\/{rel}","templated":true}]}}