{"id":2,"date":"2014-05-12T17:57:02","date_gmt":"2014-05-12T17:57:02","guid":{"rendered":"http:\/\/www.rgmed.com\/?page_id=2"},"modified":"2025-03-14T14:48:16","modified_gmt":"2025-03-14T14:48:16","slug":"about","status":"publish","type":"page","link":"https:\/\/rgmed.com\/es\/about\/","title":{"rendered":"Nosotros"},"content":{"rendered":"<div class=\"wpb-content-wrapper\"><p>[vc_row][vc_column width=\u00bb2\/3&#8243;][vc_column_text]<strong><span class=\"light\">RG Medical USA, Inc. es un l\u00edder mundial en el mercado y pionero en productos de Cirug\u00eda Invasiva M\u00ednima certificados por ISO.<\/span><\/strong><\/p>\n<p><span class=\"light\">La compa\u00f1\u00eda se especializa en una amplia variedad de equipos, instrumentos y productos auxiliares para artroscopia, broncoscopia, cistoscopia, histeroscopia, laparoscopia, laringoscopia, resectoscopia y sinuscopia. La l\u00ednea de productos incluye endoscopios r\u00edgidos y flexibles, sistemas de video, instrumentos quir\u00fargicos y desechables. La compa\u00f1\u00eda colabora estrechamente con destacados profesionales m\u00e9dicos para dise\u00f1ar y desarrollar nuevos productos e innovadores productos endosc\u00f3picos para satisfacer las necesidades del mercado.<\/span><\/p>\n<p><span class=\"light\">Obtenga mejores resultados para los pacientes utilizando productos rentables, dise\u00f1ados con calidad, f\u00e1ciles de usar y mantener es el sello distintivo de la compa\u00f1\u00eda.<\/span><\/p>\n<p><span class=\"light\">RG Medical se centra en satisfacer las necesidades de la industria m\u00e9dica y en proporcionar una satisfacci\u00f3n del cliente sin igual. Los instrumentos quir\u00fargicos m\u00e9dicos RG se fabrican en Alemania con distribuci\u00f3n con sede en Nashville, Tennessee (EE. UU.).<\/span><\/p>\n<p><span class=\"light\">RG Medical posee y opera centros de distribuci\u00f3n en los EE. UU., Canad\u00e1, M\u00e9xico, Am\u00e9rica del Sur y el Caribe.<\/span>[\/vc_column_text][\/vc_column][vc_column width=\u00bb1\/3&#8243;][vc_single_image image=\u00bb69&#8243; img_size=\u00bblarge\u00bb][\/vc_column][\/vc_row]<\/p>\n<\/div>","protected":false},"excerpt":{"rendered":"<p>[vc_row][vc_column width=\u00bb2\/3&#8243;][vc_column_text]RG Medical USA, Inc. es un l\u00edder mundial en el mercado y pionero en productos de Cirug\u00eda Invasiva M\u00ednima&#8230;<\/p>\n","protected":false},"author":7,"featured_media":0,"parent":0,"menu_order":0,"comment_status":"closed","ping_status":"closed","template":"","meta":{"footnotes":""},"class_list":["post-2","page","type-page","status-publish"],"yoast_head":"<!-- This site is optimized with the Yoast SEO plugin v27.2 - https:\/\/yoast.com\/product\/yoast-seo-wordpress\/ -->\n<title>Nosotros - Rg Medical<\/title>\n<meta name=\"robots\" content=\"index, follow, max-snippet:-1, max-image-preview:large, max-video-preview:-1\" \/>\n<link rel=\"canonical\" href=\"https:\/\/rgmed.com\/about\/\" \/>\n<meta property=\"og:locale\" content=\"es_ES\" \/>\n<meta property=\"og:type\" content=\"article\" \/>\n<meta property=\"og:title\" content=\"Nosotros - Rg Medical\" \/>\n<meta property=\"og:description\" content=\"[vc_row][vc_column width=\u00bb2\/3&#8243;][vc_column_text]RG Medical USA, Inc. es un l\u00edder mundial en el mercado y pionero en productos de Cirug\u00eda Invasiva M\u00ednima...\" \/>\n<meta property=\"og:url\" content=\"https:\/\/rgmed.com\/about\/\" \/>\n<meta property=\"og:site_name\" content=\"Rg Medical\" \/>\n<meta property=\"article:modified_time\" content=\"2025-03-14T14:48:16+00:00\" \/>\n<meta name=\"twitter:card\" content=\"summary_large_image\" \/>\n<meta name=\"twitter:label1\" content=\"Tiempo de lectura\" \/>\n\t<meta name=\"twitter:data1\" content=\"2 minutos\" \/>\n<script type=\"application\/ld+json\" class=\"yoast-schema-graph\">{\"@context\":\"https:\/\/schema.org\",\"@graph\":[{\"@type\":\"WebPage\",\"@id\":\"https:\/\/rgmed.com\/about\/\",\"url\":\"https:\/\/rgmed.com\/about\/\",\"name\":\"Nosotros - Rg Medical\",\"isPartOf\":{\"@id\":\"https:\/\/rgmed.com\/#website\"},\"datePublished\":\"2014-05-12T17:57:02+00:00\",\"dateModified\":\"2025-03-14T14:48:16+00:00\",\"inLanguage\":\"es\",\"potentialAction\":[{\"@type\":\"ReadAction\",\"target\":[\"https:\/\/rgmed.com\/about\/\"]}]},{\"@type\":\"WebSite\",\"@id\":\"https:\/\/rgmed.com\/#website\",\"url\":\"https:\/\/rgmed.com\/\",\"name\":\"Rg Medical\",\"description\":\"Instrumentos Quir&uacute;rgicos de Precisi&oacute;n Fabricaci&oacute;n Alemana\",\"potentialAction\":[{\"@type\":\"SearchAction\",\"target\":{\"@type\":\"EntryPoint\",\"urlTemplate\":\"https:\/\/rgmed.com\/?s={search_term_string}\"},\"query-input\":{\"@type\":\"PropertyValueSpecification\",\"valueRequired\":true,\"valueName\":\"search_term_string\"}}],\"inLanguage\":\"es\"}]}<\/script>\n<!-- \/ Yoast SEO plugin. -->","yoast_head_json":{"title":"Nosotros - Rg Medical","robots":{"index":"index","follow":"follow","max-snippet":"max-snippet:-1","max-image-preview":"max-image-preview:large","max-video-preview":"max-video-preview:-1"},"canonical":"https:\/\/rgmed.com\/about\/","og_locale":"es_ES","og_type":"article","og_title":"Nosotros - Rg Medical","og_description":"[vc_row][vc_column width=\u00bb2\/3&#8243;][vc_column_text]RG Medical USA, Inc. es un l\u00edder mundial en el mercado y pionero en productos de Cirug\u00eda Invasiva M\u00ednima...","og_url":"https:\/\/rgmed.com\/about\/","og_site_name":"Rg Medical","article_modified_time":"2025-03-14T14:48:16+00:00","twitter_card":"summary_large_image","twitter_misc":{"Tiempo de lectura":"2 minutos"},"schema":{"@context":"https:\/\/schema.org","@graph":[{"@type":"WebPage","@id":"https:\/\/rgmed.com\/about\/","url":"https:\/\/rgmed.com\/about\/","name":"Nosotros - Rg Medical","isPartOf":{"@id":"https:\/\/rgmed.com\/#website"},"datePublished":"2014-05-12T17:57:02+00:00","dateModified":"2025-03-14T14:48:16+00:00","inLanguage":"es","potentialAction":[{"@type":"ReadAction","target":["https:\/\/rgmed.com\/about\/"]}]},{"@type":"WebSite","@id":"https:\/\/rgmed.com\/#website","url":"https:\/\/rgmed.com\/","name":"Rg Medical","description":"Instrumentos Quir&uacute;rgicos de Precisi&oacute;n Fabricaci&oacute;n Alemana","potentialAction":[{"@type":"SearchAction","target":{"@type":"EntryPoint","urlTemplate":"https:\/\/rgmed.com\/?s={search_term_string}"},"query-input":{"@type":"PropertyValueSpecification","valueRequired":true,"valueName":"search_term_string"}}],"inLanguage":"es"}]}},"_links":{"self":[{"href":"https:\/\/rgmed.com\/es\/wp-json\/wp\/v2\/pages\/2","targetHints":{"allow":["GET"]}}],"collection":[{"href":"https:\/\/rgmed.com\/es\/wp-json\/wp\/v2\/pages"}],"about":[{"href":"https:\/\/rgmed.com\/es\/wp-json\/wp\/v2\/types\/page"}],"author":[{"embeddable":true,"href":"https:\/\/rgmed.com\/es\/wp-json\/wp\/v2\/users\/7"}],"replies":[{"embeddable":true,"href":"https:\/\/rgmed.com\/es\/wp-json\/wp\/v2\/comments?post=2"}],"version-history":[{"count":38,"href":"https:\/\/rgmed.com\/es\/wp-json\/wp\/v2\/pages\/2\/revisions"}],"predecessor-version":[{"id":5834,"href":"https:\/\/rgmed.com\/es\/wp-json\/wp\/v2\/pages\/2\/revisions\/5834"}],"wp:attachment":[{"href":"https:\/\/rgmed.com\/es\/wp-json\/wp\/v2\/media?parent=2"}],"curies":[{"name":"wp","href":"https:\/\/api.w.org\/{rel}","templated":true}]}}