{"id":3599,"date":"2022-01-25T04:54:50","date_gmt":"2022-01-25T04:54:50","guid":{"rendered":"https:\/\/rgmed.com\/?post_type=product&#038;p=3599"},"modified":"2022-04-20T17:57:12","modified_gmt":"2022-04-20T17:57:12","slug":"4mm-x-30cm","status":"publish","type":"product","link":"https:\/\/rgmed.com\/es\/products\/urology\/03-rigid-optics\/autoclave-134-c-273\/4mm-x-30cm\/","title":{"rendered":"\u00d3ptica 4mm x 30cm"},"content":{"rendered":"<p><strong>Telescopios<\/strong> | <strong>\u00c1ngulo de visi\u00f3n<\/strong><br \/>\nAntes de agregar el producto al carrito elegir el tipo de angulo de visi\u00f3n el cual cambiar\u00e1 el importe.<\/p>\n<p>0\u00b0\u00a0 \u00a0\u00d82.0mm E020-240-00<br \/>\n0\u00b0\u00a0 \u00a0\u00d82.9mm E029-303-00<br \/>\n0\u00b0\u00a0 \u00a0\u00d84.0mm E040-303-00<br \/>\n12\u00b0\u00a0 \u00d82.0mm E020-240-12<br \/>\n12\u00b0\u00a0 \u00d82.9mm E029-303-12<br \/>\n12\u00b0\u00a0 \u00d84.0mm E040-303-12<br \/>\n30\u00b0 \u00d82.0mm E020-240-30<br \/>\n30\u00b0 \u00d82.9mm E029-303-30<br \/>\n30\u00b0 \u00d84.0mm E040-303-30<br \/>\n70\u00b0 \u00d82.0mm E020-240-70<br \/>\n70\u00b0 \u00d82.9mm E029-303-70<br \/>\n70\u00b0 \u00d84.0mm E040-303-70<\/p>","protected":false},"excerpt":{"rendered":"<p>Telescopios | \u00c1ngulo de visi\u00f3n Antes de agregar el producto al carrito elegir el tipo de angulo de visi\u00f3n el&#8230;<\/p>\n","protected":false},"featured_media":4061,"template":"","meta":[],"product_brand":[],"product_cat":[265,332,352],"product_tag":[],"class_list":{"0":"post-3599","1":"product","2":"type-product","3":"status-publish","4":"has-post-thumbnail","6":"product_cat-urology","7":"product_cat-03-rigid-optics","8":"product_cat-autoclave-134-c-273","10":"first","11":"instock","12":"shipping-taxable","13":"purchasable","14":"product-type-variable"},"yoast_head":"<!-- This site is optimized with the Yoast SEO plugin v27.2 - https:\/\/yoast.com\/product\/yoast-seo-wordpress\/ -->\n<title>\u00d3ptica 4mm x 30cm - Rg Medical<\/title>\n<meta name=\"robots\" content=\"index, follow, max-snippet:-1, max-image-preview:large, max-video-preview:-1\" \/>\n<link rel=\"canonical\" href=\"https:\/\/rgmed.com\/products\/urology\/03-rigid-optics\/autoclave-134-c-273\/4mm-x-30cm\/\" \/>\n<meta property=\"og:locale\" content=\"es_ES\" \/>\n<meta property=\"og:type\" content=\"article\" \/>\n<meta property=\"og:title\" content=\"\u00d3ptica 4mm x 30cm - Rg Medical\" \/>\n<meta property=\"og:description\" content=\"Telescopios | \u00c1ngulo de visi\u00f3n Antes de agregar el producto al carrito elegir el tipo de angulo de visi\u00f3n el...\" \/>\n<meta property=\"og:url\" content=\"https:\/\/rgmed.com\/products\/urology\/03-rigid-optics\/autoclave-134-c-273\/4mm-x-30cm\/\" \/>\n<meta property=\"og:site_name\" content=\"Rg Medical\" \/>\n<meta property=\"article:modified_time\" content=\"2022-04-20T17:57:12+00:00\" \/>\n<meta property=\"og:image\" content=\"https:\/\/rgmed.com\/wp-content\/uploads\/2022\/01\/autoclave-4cm-30cm.jpg\" \/>\n\t<meta property=\"og:image:width\" content=\"1115\" \/>\n\t<meta property=\"og:image:height\" content=\"876\" \/>\n\t<meta property=\"og:image:type\" content=\"image\/jpeg\" \/>\n<meta name=\"twitter:card\" content=\"summary_large_image\" \/>\n<meta name=\"twitter:label1\" content=\"Tiempo de lectura\" \/>\n\t<meta name=\"twitter:data1\" content=\"1 minuto\" \/>\n<script type=\"application\/ld+json\" class=\"yoast-schema-graph\">{\"@context\":\"https:\/\/schema.org\",\"@graph\":[{\"@type\":\"WebPage\",\"@id\":\"https:\/\/rgmed.com\/products\/urology\/03-rigid-optics\/autoclave-134-c-273\/4mm-x-30cm\/\",\"url\":\"https:\/\/rgmed.com\/products\/urology\/03-rigid-optics\/autoclave-134-c-273\/4mm-x-30cm\/\",\"name\":\"\u00d3ptica 4mm x 30cm - Rg Medical\",\"isPartOf\":{\"@id\":\"https:\/\/rgmed.com\/#website\"},\"primaryImageOfPage\":{\"@id\":\"https:\/\/rgmed.com\/products\/urology\/03-rigid-optics\/autoclave-134-c-273\/4mm-x-30cm\/#primaryimage\"},\"image\":{\"@id\":\"https:\/\/rgmed.com\/products\/urology\/03-rigid-optics\/autoclave-134-c-273\/4mm-x-30cm\/#primaryimage\"},\"thumbnailUrl\":\"https:\/\/rgmed.com\/wp-content\/uploads\/2022\/01\/autoclave-4cm-30cm.jpg\",\"datePublished\":\"2022-01-25T04:54:50+00:00\",\"dateModified\":\"2022-04-20T17:57:12+00:00\",\"breadcrumb\":{\"@id\":\"https:\/\/rgmed.com\/products\/urology\/03-rigid-optics\/autoclave-134-c-273\/4mm-x-30cm\/#breadcrumb\"},\"inLanguage\":\"es\",\"potentialAction\":[{\"@type\":\"ReadAction\",\"target\":[\"https:\/\/rgmed.com\/products\/urology\/03-rigid-optics\/autoclave-134-c-273\/4mm-x-30cm\/\"]}]},{\"@type\":\"ImageObject\",\"inLanguage\":\"es\",\"@id\":\"https:\/\/rgmed.com\/products\/urology\/03-rigid-optics\/autoclave-134-c-273\/4mm-x-30cm\/#primaryimage\",\"url\":\"https:\/\/rgmed.com\/wp-content\/uploads\/2022\/01\/autoclave-4cm-30cm.jpg\",\"contentUrl\":\"https:\/\/rgmed.com\/wp-content\/uploads\/2022\/01\/autoclave-4cm-30cm.jpg\",\"width\":1115,\"height\":876},{\"@type\":\"BreadcrumbList\",\"@id\":\"https:\/\/rgmed.com\/products\/urology\/03-rigid-optics\/autoclave-134-c-273\/4mm-x-30cm\/#breadcrumb\",\"itemListElement\":[{\"@type\":\"ListItem\",\"position\":1,\"name\":\"Products\",\"item\":\"https:\/\/rgmed.com\/products\/\"},{\"@type\":\"ListItem\",\"position\":2,\"name\":\"Optic 4mm x 30cm\"}]},{\"@type\":\"WebSite\",\"@id\":\"https:\/\/rgmed.com\/#website\",\"url\":\"https:\/\/rgmed.com\/\",\"name\":\"Rg Medical\",\"description\":\"Instrumentos Quir&uacute;rgicos de Precisi&oacute;n Fabricaci&oacute;n Alemana\",\"potentialAction\":[{\"@type\":\"SearchAction\",\"target\":{\"@type\":\"EntryPoint\",\"urlTemplate\":\"https:\/\/rgmed.com\/?s={search_term_string}\"},\"query-input\":{\"@type\":\"PropertyValueSpecification\",\"valueRequired\":true,\"valueName\":\"search_term_string\"}}],\"inLanguage\":\"es\"}]}<\/script>\n<!-- \/ Yoast SEO plugin. -->","yoast_head_json":{"title":"\u00d3ptica 4mm x 30cm - Rg Medical","robots":{"index":"index","follow":"follow","max-snippet":"max-snippet:-1","max-image-preview":"max-image-preview:large","max-video-preview":"max-video-preview:-1"},"canonical":"https:\/\/rgmed.com\/products\/urology\/03-rigid-optics\/autoclave-134-c-273\/4mm-x-30cm\/","og_locale":"es_ES","og_type":"article","og_title":"\u00d3ptica 4mm x 30cm - Rg Medical","og_description":"Telescopios | \u00c1ngulo de visi\u00f3n Antes de agregar el producto al carrito elegir el tipo de angulo de visi\u00f3n el...","og_url":"https:\/\/rgmed.com\/products\/urology\/03-rigid-optics\/autoclave-134-c-273\/4mm-x-30cm\/","og_site_name":"Rg Medical","article_modified_time":"2022-04-20T17:57:12+00:00","og_image":[{"width":1115,"height":876,"url":"https:\/\/rgmed.com\/wp-content\/uploads\/2022\/01\/autoclave-4cm-30cm.jpg","type":"image\/jpeg"}],"twitter_card":"summary_large_image","twitter_misc":{"Tiempo de lectura":"1 minuto"},"schema":{"@context":"https:\/\/schema.org","@graph":[{"@type":"WebPage","@id":"https:\/\/rgmed.com\/products\/urology\/03-rigid-optics\/autoclave-134-c-273\/4mm-x-30cm\/","url":"https:\/\/rgmed.com\/products\/urology\/03-rigid-optics\/autoclave-134-c-273\/4mm-x-30cm\/","name":"\u00d3ptica 4mm x 30cm - Rg Medical","isPartOf":{"@id":"https:\/\/rgmed.com\/#website"},"primaryImageOfPage":{"@id":"https:\/\/rgmed.com\/products\/urology\/03-rigid-optics\/autoclave-134-c-273\/4mm-x-30cm\/#primaryimage"},"image":{"@id":"https:\/\/rgmed.com\/products\/urology\/03-rigid-optics\/autoclave-134-c-273\/4mm-x-30cm\/#primaryimage"},"thumbnailUrl":"https:\/\/rgmed.com\/wp-content\/uploads\/2022\/01\/autoclave-4cm-30cm.jpg","datePublished":"2022-01-25T04:54:50+00:00","dateModified":"2022-04-20T17:57:12+00:00","breadcrumb":{"@id":"https:\/\/rgmed.com\/products\/urology\/03-rigid-optics\/autoclave-134-c-273\/4mm-x-30cm\/#breadcrumb"},"inLanguage":"es","potentialAction":[{"@type":"ReadAction","target":["https:\/\/rgmed.com\/products\/urology\/03-rigid-optics\/autoclave-134-c-273\/4mm-x-30cm\/"]}]},{"@type":"ImageObject","inLanguage":"es","@id":"https:\/\/rgmed.com\/products\/urology\/03-rigid-optics\/autoclave-134-c-273\/4mm-x-30cm\/#primaryimage","url":"https:\/\/rgmed.com\/wp-content\/uploads\/2022\/01\/autoclave-4cm-30cm.jpg","contentUrl":"https:\/\/rgmed.com\/wp-content\/uploads\/2022\/01\/autoclave-4cm-30cm.jpg","width":1115,"height":876},{"@type":"BreadcrumbList","@id":"https:\/\/rgmed.com\/products\/urology\/03-rigid-optics\/autoclave-134-c-273\/4mm-x-30cm\/#breadcrumb","itemListElement":[{"@type":"ListItem","position":1,"name":"Products","item":"https:\/\/rgmed.com\/products\/"},{"@type":"ListItem","position":2,"name":"Optic 4mm x 30cm"}]},{"@type":"WebSite","@id":"https:\/\/rgmed.com\/#website","url":"https:\/\/rgmed.com\/","name":"Rg Medical","description":"Instrumentos Quir&uacute;rgicos de Precisi&oacute;n Fabricaci&oacute;n Alemana","potentialAction":[{"@type":"SearchAction","target":{"@type":"EntryPoint","urlTemplate":"https:\/\/rgmed.com\/?s={search_term_string}"},"query-input":{"@type":"PropertyValueSpecification","valueRequired":true,"valueName":"search_term_string"}}],"inLanguage":"es"}]}},"_links":{"self":[{"href":"https:\/\/rgmed.com\/es\/wp-json\/wp\/v2\/product\/3599","targetHints":{"allow":["GET"]}}],"collection":[{"href":"https:\/\/rgmed.com\/es\/wp-json\/wp\/v2\/product"}],"about":[{"href":"https:\/\/rgmed.com\/es\/wp-json\/wp\/v2\/types\/product"}],"wp:featuredmedia":[{"embeddable":true,"href":"https:\/\/rgmed.com\/es\/wp-json\/wp\/v2\/media\/4061"}],"wp:attachment":[{"href":"https:\/\/rgmed.com\/es\/wp-json\/wp\/v2\/media?parent=3599"}],"wp:term":[{"taxonomy":"product_brand","embeddable":true,"href":"https:\/\/rgmed.com\/es\/wp-json\/wp\/v2\/product_brand?post=3599"},{"taxonomy":"product_cat","embeddable":true,"href":"https:\/\/rgmed.com\/es\/wp-json\/wp\/v2\/product_cat?post=3599"},{"taxonomy":"product_tag","embeddable":true,"href":"https:\/\/rgmed.com\/es\/wp-json\/wp\/v2\/product_tag?post=3599"}],"curies":[{"name":"wp","href":"https:\/\/api.w.org\/{rel}","templated":true}]}}